{"id":3436,"date":"2022-01-28T16:15:30","date_gmt":"2022-01-28T15:15:30","guid":{"rendered":"https:\/\/almivisi.it\/vendita-spedizione-e-reso\/"},"modified":"2022-01-28T16:15:30","modified_gmt":"2022-01-28T15:15:30","slug":"vendita-spedizione-e-reso","status":"publish","type":"page","link":"https:\/\/almivisi.it\/en\/vendita-spedizione-e-reso\/","title":{"rendered":"Vendita, Spedizione e Reso"},"content":{"rendered":"<p>[vc_row][vc_column css=&#8221;.vc_custom_1619104599875{margin-bottom: 50px !important;padding-top: 10% !important;padding-right: 10% !important;padding-bottom: 10% !important;padding-left: 10% !important;}&#8221;][vc_empty_space height=&#8221;50px&#8221;][vc_column_text]<strong>Come ordinare<\/strong><\/p>\n<p>Una volta selezionato il prodotto o i prodotti che vuoi acquistare \u00e8 molto semplice completare l\u2019ordine, devi selezionare il tasto Aggiungi al carrello, e da l\u00ec puoi procedere all\u2019acquisto o continuare la ricerca di altri prodotti per il tuo ordine.<br \/>\nUna volta terminata la scelta dei prodotti entra nel Carrello che trovi in alto ad ogni pagina o come bottone a fianco per completare il tuo acquisto.<br \/>\nQui potrai trovare il riepilogo di tutti i prodotti selezionati, le descrizioni ed il prezzo degli stessi.<br \/>\nTrovi anche il riepilogo delle spese di spedizione, procedi inserendo i tuoi dati per la spedizione ed il pagamento, ed ecco l\u2019ordine \u00e8 completato.<\/p>\n<p><strong>Come pagare<\/strong><\/p>\n<p>Sono 2 le forme di pagamento accettate:<\/p>\n<ol>\n<li>Paypal;<\/li>\n<li>Carta di Credito\/Debito.<\/li>\n<\/ol>\n<p>Tutte le transazioni sono effettuate nella pi\u00f9 assoluta correttezza e sicurezza e i tuoi dati protetti grazie al protocollo SSL<br \/>\nIn tutte le operazioni i dati raccolti sono riservati, perch\u00e9 vengono trattati direttamente dagli istituti di credito impedendo di fatto che possano finire in sistemi differenti grazie alla protezione del protocollo SSL di PayPal.<br \/>\nScegliendo la forma di pagamento a mezzo bonifico bancario riceverai con la conferma d\u2019ordine le coordinate bancarie. la procedura di evasione dell\u2019ordine avr\u00e0 inizio dalla data di effettivo accredito.<br \/>\nAccettiamo come forma di pagamento i contanti solo per i casi di ritiro in sede e\/o pagamento alla consegna con corriere espresso.<\/p>\n<p><strong>Spese di spedizione<\/strong><\/p>\n<p>Una volta ricevuto il pagamento l\u2019ordine sar\u00e0 processato ed inizier\u00e0 la fase di spedizione, salvo imprevisti nella disponibilit\u00e0 del prodotto di cui sarete informati entro le 24 ore successive all\u2019acquisto, il vostro ordine sar\u00e0 preso in carico dalla nostra logistica e la merce sar\u00e0 spedita e consegnata entro le 72 ore successive in tutta Italia con corriere espresso.<br \/>\nUna volta che la merce sar\u00e0 affidata al corriere per la consegna riceverete un\u2019email di conferma con il nome dello spedizioniere ed il codice di spedizione.<br \/>\nLe Spese di Spedizione non sono fisse per ogni ordine ma variano in base a al peso della merce.<\/p>\n<p><strong>Come fare un reso<\/strong><\/p>\n<p>Il reso \u00e8 sempre possibile nei termini indicati ed estremamente facile da fare (ricorda se hai necessit\u00e0 di fare resi deve essere richiesto entro 14 gg dalla ricezione del prodotto), contatta il nostro servizio clienti via mail <a href=\"mailto:info@almivisi.it\">info@almivisi.it<\/a> e ti daremo tutte le indicazioni su come gestire facilmente l\u2019eventuale reso.<\/p>\n<p><strong>Come utilizzare un Coupon o un Codice sconto<\/strong><\/p>\n<p>Se possiedi un Buono Sconto o un Coupon per utilizzarlo ti basta aggiungere i prodotti da te scelti nel carrelllo e poi inserire il codice sconto in tuo possesso nell\u2019apposito spazio in cassa e cliccare su Applica.<br \/>\nTenete presente che un Buono Sconto o un Coupon possono essere spesi sono per acquisti superiori al proprio valore.[\/vc_column_text][\/vc_column][\/vc_row]<\/p>\n","protected":false},"excerpt":{"rendered":"<p>[vc_row][vc_column css=&#8221;.vc_custom_1619104599875{margin-bottom: 50px !important;padding-top: 10% !important;padding-right: 10% !important;padding-bottom: 10% !important;padding-left: 10% !important;}&#8221;][vc_empty_space height=&#8221;50px&#8221;][vc_column_text]Come ordinare Una volta selezionato il prodotto o i prodotti che vuoi acquistare \u00e8 molto semplice completare l\u2019ordine, devi selezionare il tasto Aggiungi al carrello, e da l\u00ec puoi procedere all\u2019acquisto o continuare la ricerca di altri prodotti per il tuo ordine. Una [&hellip;]<\/p>\n","protected":false},"author":5,"featured_media":0,"parent":0,"menu_order":0,"comment_status":"closed","ping_status":"closed","template":"","meta":[],"yoast_head":"<!-- This site is optimized with the Yoast SEO plugin v17.4 - https:\/\/yoast.com\/wordpress\/plugins\/seo\/ -->\n<title>Vendita, Spedizione e Reso - Almivisi<\/title>\n<meta name=\"robots\" content=\"index, follow, max-snippet:-1, max-image-preview:large, max-video-preview:-1\" \/>\n<link rel=\"canonical\" href=\"https:\/\/almivisi.it\/en\/vendita-spedizione-e-reso\/\" \/>\n<meta property=\"og:locale\" content=\"en_US\" \/>\n<meta property=\"og:type\" content=\"article\" \/>\n<meta property=\"og:title\" content=\"Vendita, Spedizione e Reso - Almivisi\" \/>\n<meta property=\"og:description\" content=\"[vc_row][vc_column css=&#8221;.vc_custom_1619104599875{margin-bottom: 50px !important;padding-top: 10% !important;padding-right: 10% !important;padding-bottom: 10% !important;padding-left: 10% !important;}&#8221;][vc_empty_space height=&#8221;50px&#8221;][vc_column_text]Come ordinare Una volta selezionato il prodotto o i prodotti che vuoi acquistare \u00e8 molto semplice completare l\u2019ordine, devi selezionare il tasto Aggiungi al carrello, e da l\u00ec puoi procedere all\u2019acquisto o continuare la ricerca di altri prodotti per il tuo ordine. Una [&hellip;]\" \/>\n<meta property=\"og:url\" content=\"https:\/\/almivisi.it\/en\/vendita-spedizione-e-reso\/\" \/>\n<meta property=\"og:site_name\" content=\"Almivisi\" \/>\n<meta name=\"twitter:card\" content=\"summary_large_image\" \/>\n<meta name=\"twitter:label1\" content=\"Est. reading time\" \/>\n\t<meta name=\"twitter:data1\" content=\"2 minutes\" \/>\n<script type=\"application\/ld+json\" class=\"yoast-schema-graph\">{\"@context\":\"https:\/\/schema.org\",\"@graph\":[{\"@type\":\"WebSite\",\"@id\":\"https:\/\/almivisi.it\/#website\",\"url\":\"https:\/\/almivisi.it\/\",\"name\":\"Almivisi\",\"description\":\"Vini per un Sogno\",\"potentialAction\":[{\"@type\":\"SearchAction\",\"target\":{\"@type\":\"EntryPoint\",\"urlTemplate\":\"https:\/\/almivisi.it\/?s={search_term_string}\"},\"query-input\":\"required name=search_term_string\"}],\"inLanguage\":\"en-US\"},{\"@type\":\"WebPage\",\"@id\":\"https:\/\/almivisi.it\/en\/vendita-spedizione-e-reso\/#webpage\",\"url\":\"https:\/\/almivisi.it\/en\/vendita-spedizione-e-reso\/\",\"name\":\"Vendita, Spedizione e Reso - Almivisi\",\"isPartOf\":{\"@id\":\"https:\/\/almivisi.it\/#website\"},\"datePublished\":\"2022-01-28T15:15:30+00:00\",\"dateModified\":\"2022-01-28T15:15:30+00:00\",\"breadcrumb\":{\"@id\":\"https:\/\/almivisi.it\/en\/vendita-spedizione-e-reso\/#breadcrumb\"},\"inLanguage\":\"en-US\",\"potentialAction\":[{\"@type\":\"ReadAction\",\"target\":[\"https:\/\/almivisi.it\/en\/vendita-spedizione-e-reso\/\"]}]},{\"@type\":\"BreadcrumbList\",\"@id\":\"https:\/\/almivisi.it\/en\/vendita-spedizione-e-reso\/#breadcrumb\",\"itemListElement\":[{\"@type\":\"ListItem\",\"position\":1,\"name\":\"Home\",\"item\":\"https:\/\/almivisi.it\/en\/\"},{\"@type\":\"ListItem\",\"position\":2,\"name\":\"Vendita, Spedizione e Reso\"}]}]}<\/script>\n<!-- \/ Yoast SEO plugin. -->","yoast_head_json":{"title":"Vendita, Spedizione e Reso - Almivisi","robots":{"index":"index","follow":"follow","max-snippet":"max-snippet:-1","max-image-preview":"max-image-preview:large","max-video-preview":"max-video-preview:-1"},"canonical":"https:\/\/almivisi.it\/en\/vendita-spedizione-e-reso\/","og_locale":"en_US","og_type":"article","og_title":"Vendita, Spedizione e Reso - Almivisi","og_description":"[vc_row][vc_column css=&#8221;.vc_custom_1619104599875{margin-bottom: 50px !important;padding-top: 10% !important;padding-right: 10% !important;padding-bottom: 10% !important;padding-left: 10% !important;}&#8221;][vc_empty_space height=&#8221;50px&#8221;][vc_column_text]Come ordinare Una volta selezionato il prodotto o i prodotti che vuoi acquistare \u00e8 molto semplice completare l\u2019ordine, devi selezionare il tasto Aggiungi al carrello, e da l\u00ec puoi procedere all\u2019acquisto o continuare la ricerca di altri prodotti per il tuo ordine. Una [&hellip;]","og_url":"https:\/\/almivisi.it\/en\/vendita-spedizione-e-reso\/","og_site_name":"Almivisi","twitter_card":"summary_large_image","twitter_misc":{"Est. reading time":"2 minutes"},"schema":{"@context":"https:\/\/schema.org","@graph":[{"@type":"WebSite","@id":"https:\/\/almivisi.it\/#website","url":"https:\/\/almivisi.it\/","name":"Almivisi","description":"Vini per un Sogno","potentialAction":[{"@type":"SearchAction","target":{"@type":"EntryPoint","urlTemplate":"https:\/\/almivisi.it\/?s={search_term_string}"},"query-input":"required name=search_term_string"}],"inLanguage":"en-US"},{"@type":"WebPage","@id":"https:\/\/almivisi.it\/en\/vendita-spedizione-e-reso\/#webpage","url":"https:\/\/almivisi.it\/en\/vendita-spedizione-e-reso\/","name":"Vendita, Spedizione e Reso - Almivisi","isPartOf":{"@id":"https:\/\/almivisi.it\/#website"},"datePublished":"2022-01-28T15:15:30+00:00","dateModified":"2022-01-28T15:15:30+00:00","breadcrumb":{"@id":"https:\/\/almivisi.it\/en\/vendita-spedizione-e-reso\/#breadcrumb"},"inLanguage":"en-US","potentialAction":[{"@type":"ReadAction","target":["https:\/\/almivisi.it\/en\/vendita-spedizione-e-reso\/"]}]},{"@type":"BreadcrumbList","@id":"https:\/\/almivisi.it\/en\/vendita-spedizione-e-reso\/#breadcrumb","itemListElement":[{"@type":"ListItem","position":1,"name":"Home","item":"https:\/\/almivisi.it\/en\/"},{"@type":"ListItem","position":2,"name":"Vendita, Spedizione e Reso"}]}]}},"_links":{"self":[{"href":"https:\/\/almivisi.it\/en\/wp-json\/wp\/v2\/pages\/3436"}],"collection":[{"href":"https:\/\/almivisi.it\/en\/wp-json\/wp\/v2\/pages"}],"about":[{"href":"https:\/\/almivisi.it\/en\/wp-json\/wp\/v2\/types\/page"}],"author":[{"embeddable":true,"href":"https:\/\/almivisi.it\/en\/wp-json\/wp\/v2\/users\/5"}],"replies":[{"embeddable":true,"href":"https:\/\/almivisi.it\/en\/wp-json\/wp\/v2\/comments?post=3436"}],"version-history":[{"count":1,"href":"https:\/\/almivisi.it\/en\/wp-json\/wp\/v2\/pages\/3436\/revisions"}],"predecessor-version":[{"id":3437,"href":"https:\/\/almivisi.it\/en\/wp-json\/wp\/v2\/pages\/3436\/revisions\/3437"}],"wp:attachment":[{"href":"https:\/\/almivisi.it\/en\/wp-json\/wp\/v2\/media?parent=3436"}],"curies":[{"name":"wp","href":"https:\/\/api.w.org\/{rel}","templated":true}]}}