{"id":3175,"date":"2021-04-14T15:25:41","date_gmt":"2021-04-14T14:25:41","guid":{"rendered":"https:\/\/almivisi.it\/wines\/qorte\/"},"modified":"2021-04-28T14:18:10","modified_gmt":"2021-04-28T13:18:10","slug":"qorte","status":"publish","type":"page","link":"https:\/\/almivisi.it\/en\/wines\/qorte\/","title":{"rendered":"Qort\u00e8"},"content":{"rendered":"<p>[vc_row full_width=&#8221;stretch_row_content_no_spaces&#8221; no_padding=&#8221;yes&#8221;][vc_column width=&#8221;1\/2&#8243; css=&#8221;.vc_custom_1607616323201{background-color: #f0eadc !important;background-position: center !important;background-repeat: no-repeat !important;background-size: cover !important;}&#8221;][vc_empty_space][vc_single_image image=&#8221;3186&#8243; img_size=&#8221;full&#8221; alignment=&#8221;center&#8221; animation_delay=&#8221;1&#8243; animation_type=&#8221;fadeIn&#8221; el_class=&#8221;metodoclassico&#8221;][\/vc_column][vc_column width=&#8221;1\/2&#8243; css=&#8221;.vc_custom_1608291429703{padding-top: 300px !important;padding-right: 150px !important;padding-left: 50px !important;background-color: #ffffff !important;}&#8221; offset=&#8221;vc_hidden-sm vc_hidden-xs&#8221;][vc_single_image image=&#8221;3041&#8243; img_size=&#8221;150X150&#8243; alignment=&#8221;right&#8221; animation_type=&#8221;fadeIn&#8221;][vc_single_image image=&#8221;3225&#8243; img_size=&#8221;&#8221;][vc_column_text css_animation=&#8221;fadeIn&#8221;]<\/p>\n<h3>WHITW IGT TREVENEZIE<\/h3>\n<p>[\/vc_column_text][vc_empty_space][vc_column_text css_animation=&#8221;fadeInUp&#8221;]<\/p>\n<p class=\"p1\" style=\"text-align: justify;\">Fruity, exotic and appetizing. With an irresistible scent, it looks bright and it tastes full-bodied and satisfying. With hints of citrus fruits, pineapple and honey, Qort\u00e8 is a harmony of fresh sensations which involve every sense..<\/p>\n<p class=\"p1\" style=\"text-align: justify;\">The grapes of two international vines blend with those of an autochthonous vine and are vinified in wood barrels according to Almivisi tradition. Qort\u00e8 is a blend with strong personality and high taste pleasantness.<\/p>\n<p>[\/vc_column_text][vc_empty_space height=&#8221;50px&#8221;][vc_btn title=&#8221;BUY&#8221; style=&#8221;flat&#8221; shape=&#8221;square&#8221; color=&#8221;black&#8221; size=&#8221;xl&#8221; i_icon_fontawesome=&#8221;fas fa-shopping-cart&#8221; add_icon=&#8221;true&#8221; link=&#8221;url:https%3A%2F%2Falmivisi.it%2Fen%2Fproduct%2Fqorte%2F|title:QORTE%E2%80%99&#8243;][vc_empty_space height=&#8221;50px&#8221;][\/vc_column][\/vc_row][vc_row full_width=&#8221;stretch_row_content_no_spaces&#8221; no_padding=&#8221;yes&#8221;][vc_column css=&#8221;.vc_custom_1608298350452{padding-top: 30px !important;padding-right: 50px !important;padding-left: 50px !important;background-color: #ffffff !important;}&#8221; offset=&#8221;vc_hidden-lg vc_hidden-md&#8221;][vc_single_image image=&#8221;3041&#8243; img_size=&#8221;150X150&#8243; animation_type=&#8221;fadeIn&#8221;][vc_single_image image=&#8221;3225&#8243; img_size=&#8221;&#8221;][vc_column_text css_animation=&#8221;fadeIn&#8221;]<\/p>\n<h3>WHITW IGT TREVENEZIE<\/h3>\n<p>[\/vc_column_text][vc_empty_space][vc_column_text css_animation=&#8221;fadeInUp&#8221;]<\/p>\n<p class=\"p1\" style=\"text-align: justify;\">Fruttato, esotico e stuzzicante. Dall\u2019irresistibile profumo, \u00e8 brillante alla vista e corposo e corroborante al gusto. Dagli agrumi all\u2019ananas, fino alla dolcezza del miele, Qort\u00e8 \u00e8 un\u2019armonia di percezioni f resche, che coinvolgono tutti i sensi.<\/p>\n<p class=\"p1\" style=\"text-align: justify;\">Le uve di due vitigni internazionali si uniscono con quelle di un vitigno autoctono, vinificandole in legno come da tradizione Almivisi. Qort\u00e8 \u00e8 un blend con forte personalit\u00e0 e grande piacevolezza gustativa.<\/p>\n<p>[\/vc_column_text][vc_btn title=&#8221;BUY&#8221; style=&#8221;flat&#8221; shape=&#8221;square&#8221; color=&#8221;black&#8221; size=&#8221;xl&#8221; i_icon_fontawesome=&#8221;fas fa-shopping-cart&#8221; add_icon=&#8221;true&#8221; link=&#8221;url:https%3A%2F%2Falmivisi.it%2Fen%2Fproduct%2Fqorte%2F|title:QORTE%E2%80%99&#8243;][vc_empty_space height=&#8221;50px&#8221;][\/vc_column][\/vc_row][vc_row full_width=&#8221;stretch_row_content_no_spaces&#8221; css=&#8221;.vc_custom_1607612077429{background-color: #ffffff !important;}&#8221;][vc_column width=&#8221;1\/2&#8243; css=&#8221;.vc_custom_1610710546571{padding-right: 150px !important;padding-left: 150px !important;background-color: #ffffff !important;}&#8221; offset=&#8221;vc_hidden-sm vc_hidden-xs&#8221;][vc_empty_space height=&#8221;50px&#8221;][vc_column_text css_animation=&#8221;slideInUp&#8221;]<\/p>\n<h1 class=\"p1\">Exotic love<\/h1>\n<p>[\/vc_column_text][vc_empty_space height=&#8221;50px&#8221;][vc_column_text css_animation=&#8221;fadeInLeft&#8221;]<\/p>\n<h4>GRAPE VARIETIES<\/h4>\n<p>[\/vc_column_text][vc_column_text css_animation=&#8221;fadeInLeft&#8221;]<\/p>\n<p class=\"p1\" style=\"text-align: justify;\">Mostly Chardonnay, this international and versatile vine gives to the wine fruity aromas and elegance.<br \/>\nTai, this historic and autochthonous vine is characterized by a great structure, softness and creaminess. Lastly, a small percentage of Sauvignon for the aromatic note.<\/p>\n<p>[\/vc_column_text][vc_empty_space][vc_column_text css_animation=&#8221;fadeInLeft&#8221;]<\/p>\n<h4>PRODUCTION AREA<\/h4>\n<p>[\/vc_column_text][vc_column_text css_animation=&#8221;fadeInLeft&#8221;]<\/p>\n<p class=\"p1\" style=\"text-align: justify;\">Our vineyards are located at the border between the regions of Veneto and Friuli. This area is characterized by flat land of allu- vial origin with stratifications of carbonate. The climate has hot but breezy summers thanks to the proximity to the Adriatic Sea.<\/p>\n<p>[\/vc_column_text][vc_empty_space][vc_column_text css_animation=&#8221;fadeInLeft&#8221;]<\/p>\n<h4>HARVEST<\/h4>\n<p>[\/vc_column_text][vc_column_text css_animation=&#8221;fadeInLeft&#8221;]<\/p>\n<p class=\"p1\" style=\"text-align: justify;\">The grape harvest takes places in two peri- ods. The first harvested quantity gives fresh- ness and fruity scents, while the second quantity, which is left maturing for a longer time, gives structure and smoothness. The harvest is strictly done by hand and the best bunches are selected.<\/p>\n<p>[\/vc_column_text][vc_empty_space height=&#8221;50px&#8221;][\/vc_column][vc_column width=&#8221;1\/2&#8243; css=&#8221;.vc_custom_1610710619508{background-image: url(http:\/\/almivisi.it\/wp-content\/uploads\/2021\/01\/qorte-1200.jpg?id=2611) !important;background-position: center !important;background-repeat: no-repeat !important;background-size: cover !important;}&#8221; offset=&#8221;vc_hidden-sm vc_hidden-xs&#8221;][\/vc_column][\/vc_row][vc_row full_width=&#8221;stretch_row_content_no_spaces&#8221; css=&#8221;.vc_custom_1611334895312{background-color: #ffffff !important;}&#8221;][vc_column css=&#8221;.vc_custom_1608291531238{padding-right: 50px !important;padding-left: 50px !important;background-color: #ffffff !important;}&#8221; offset=&#8221;vc_hidden-lg vc_hidden-md&#8221;][vc_empty_space height=&#8221;20px&#8221;][vc_column_text css_animation=&#8221;slideInUp&#8221;]<\/p>\n<h1 class=\"p1\">Exotic love<\/h1>\n<p>[\/vc_column_text][vc_empty_space height=&#8221;50px&#8221;][vc_column_text css_animation=&#8221;fadeInLeft&#8221;]<\/p>\n<h4>GRAPE VARIETIES<\/h4>\n<p>[\/vc_column_text][vc_column_text css_animation=&#8221;fadeInLeft&#8221;]<\/p>\n<p class=\"p1\" style=\"text-align: justify;\">Mostly Chardonnay, this international and versatile vine gives to the wine fruity aromas and elegance.<br \/>\nTai, this historic and autochthonous vine is characterized by a great structure, softness and creaminess. Lastly, a small percentage of Sauvignon for the aromatic note.<\/p>\n<p>[\/vc_column_text][vc_empty_space][vc_column_text css_animation=&#8221;fadeInLeft&#8221;]<\/p>\n<h4>PRODUCTION AREA<\/h4>\n<p>[\/vc_column_text][vc_column_text css_animation=&#8221;fadeInLeft&#8221;]<\/p>\n<p class=\"p1\" style=\"text-align: justify;\">Our vineyards are located at the border between the regions of Veneto and Friuli. This area is characterized by flat land of allu- vial origin with stratifications of carbonate. The climate has hot but breezy summers thanks to the proximity to the Adriatic Sea.<\/p>\n<p>[\/vc_column_text][vc_empty_space][vc_column_text css_animation=&#8221;fadeInLeft&#8221;]<\/p>\n<h4>HARVEST<\/h4>\n<p>[\/vc_column_text][vc_column_text css_animation=&#8221;fadeInLeft&#8221;]<\/p>\n<p class=\"p1\" style=\"text-align: justify;\">The grape harvest takes places in two peri- ods. The first harvested quantity gives fresh- ness and fruity scents, while the second quantity, which is left maturing for a longer time, gives structure and smoothness. The harvest is strictly done by hand and the best bunches are selected.<\/p>\n<p>[\/vc_column_text][vc_empty_space height=&#8221;50px&#8221;][\/vc_column][\/vc_row][vc_row full_width=&#8221;stretch_row_content_no_spaces&#8221; css=&#8221;.vc_custom_1611334886796{background-color: #ffffff !important;}&#8221;][vc_column offset=&#8221;vc_hidden-lg vc_hidden-md&#8221;][vc_single_image image=&#8221;3180&#8243; img_size=&#8221;full&#8221; alignment=&#8221;center&#8221; animation_type=&#8221;fadeInLeft&#8221; css=&#8221;.vc_custom_1610724997368{margin-bottom: -80px !important;}&#8221;][\/vc_column][\/vc_row][vc_row full_width=&#8221;stretch_row_content_no_spaces&#8221;][vc_column css_animation=&#8221;fadeInLeft&#8221; width=&#8221;1\/2&#8243; css=&#8221;.vc_custom_1610710819408{background-image: url(http:\/\/almivisi.it\/wp-content\/uploads\/2021\/01\/qortee-2.jpg?id=2612) !important;background-position: center !important;background-repeat: no-repeat !important;background-size: cover !important;}&#8221; offset=&#8221;vc_hidden-sm vc_hidden-xs&#8221;][\/vc_column][vc_column width=&#8221;1\/2&#8243; css=&#8221;.vc_custom_1610710555361{padding-right: 150px !important;padding-left: 150px !important;background-color: #f0eadc !important;}&#8221; offset=&#8221;vc_hidden-sm vc_hidden-xs&#8221;][vc_empty_space height=&#8221;50px&#8221;][vc_column_text css_animation=&#8221;fadeInRight&#8221;]<\/p>\n<h4>VINIFICATION<\/h4>\n<p>[\/vc_column_text][vc_column_text css_animation=&#8221;fadeInRight&#8221;]<\/p>\n<p class=\"p1\" style=\"text-align: justify;\">The fresh grapes are pressed softly after few hours from the harvest and are left macer- ating at 10\u00b0C for some hours in stainless steel containers. After that it is gently pressed. The must is settled cold and natu- rally. The clear part is put into French wood barrels, where the alcoholic fermentation and the following six-months long ageing take place. In this period weekly batonnages take place and the use of sulphites is mini- mized.<\/p>\n<p>[\/vc_column_text][vc_empty_space][vc_column_text css_animation=&#8221;fadeInRight&#8221;]<\/p>\n<h4>ORGANOLEPTIC FEATURES<\/h4>\n<p>[\/vc_column_text][vc_column_text css_animation=&#8221;fadeInRight&#8221;]<\/p>\n<p class=\"p1\" style=\"text-align: justify;\">Golden yellow, bright. The fruity scent reminds citrus fruits, exotic fruit, acacia honey and a light vanilla flavour. Well-bod- ied and structured, this wine is never cloy- ing, thanks to its good acidity, which gives freshness and sapidity.<\/p>\n<p>[\/vc_column_text][vc_empty_space][vc_column_text css_animation=&#8221;fadeInRight&#8221;]<\/p>\n<h4>ENOGASTRONOMIC MATCHINGS<\/h4>\n<p>[\/vc_column_text][vc_column_text css_animation=&#8221;fadeInRight&#8221;]<\/p>\n<p class=\"p1\" style=\"text-align: justify;\">Particularly recommended with seafood cuisine, from raw and cooked starters, even smoked, to risotto and grilled fish. Excellent with white meat dishes and medium-aged cheeses.<\/p>\n<p>[\/vc_column_text][vc_empty_space height=&#8221;50px&#8221;][\/vc_column][\/vc_row][vc_row full_width=&#8221;stretch_row_content_no_spaces&#8221; css=&#8221;.vc_custom_1611334876655{padding-top: 50px !important;background-color: #f0eadc !important;}&#8221;][vc_column css=&#8221;.vc_custom_1608291755083{padding-right: 50px !important;padding-left: 50px !important;background-color: #f0eadc !important;}&#8221; offset=&#8221;vc_hidden-lg vc_hidden-md&#8221;][vc_column_text css_animation=&#8221;fadeInRight&#8221;]<\/p>\n<h4>VINIFICATION<\/h4>\n<p>[\/vc_column_text][vc_column_text css_animation=&#8221;fadeInRight&#8221;]<\/p>\n<p class=\"p1\" style=\"text-align: justify;\">The fresh grapes are pressed softly after few hours from the harvest and are left macer- ating at 10\u00b0C for some hours in stainless steel containers. After that it is gently pressed. The must is settled cold and natu- rally. The clear part is put into French wood barrels, where the alcoholic fermentation and the following six-months long ageing take place. In this period weekly batonnages take place and the use of sulphites is mini- mized.<\/p>\n<p>[\/vc_column_text][vc_empty_space][vc_column_text css_animation=&#8221;fadeInRight&#8221;]<\/p>\n<h4>ORGANOLEPTIC FEATURES<\/h4>\n<p>[\/vc_column_text][vc_column_text css_animation=&#8221;fadeInRight&#8221;]<\/p>\n<p class=\"p1\" style=\"text-align: justify;\">Golden yellow, bright. The fruity scent reminds citrus fruits, exotic fruit, acacia honey and a light vanilla flavour. Well-bod- ied and structured, this wine is never cloy- ing, thanks to its good acidity, which gives freshness and sapidity.<\/p>\n<p>[\/vc_column_text][vc_empty_space][vc_column_text css_animation=&#8221;fadeInRight&#8221;]<\/p>\n<h4>ENOGASTRONOMIC MATCHINGS<\/h4>\n<p>[\/vc_column_text][vc_column_text css_animation=&#8221;fadeInRight&#8221;]<\/p>\n<p class=\"p1\" style=\"text-align: justify;\">Particularly recommended with seafood cuisine, from raw and cooked starters, even smoked, to risotto and grilled fish. Excellent with white meat dishes and medium-aged cheeses.<\/p>\n<p>[\/vc_column_text][vc_empty_space height=&#8221;50px&#8221;][\/vc_column][\/vc_row][vc_row full_width=&#8221;stretch_row_content_no_spaces&#8221;][vc_column offset=&#8221;vc_hidden-lg vc_hidden-md&#8221;][vc_single_image image=&#8221;3178&#8243; img_size=&#8221;full&#8221; alignment=&#8221;center&#8221; animation_type=&#8221;fadeInLeft&#8221;][\/vc_column][\/vc_row]<\/p>\n","protected":false},"excerpt":{"rendered":"<p>[vc_row full_width=&#8221;stretch_row_content_no_spaces&#8221; no_padding=&#8221;yes&#8221;][vc_column width=&#8221;1\/2&#8243; css=&#8221;.vc_custom_1607616323201{background-color: #f0eadc !important;background-position: center !important;background-repeat: no-repeat !important;background-size: cover !important;}&#8221;][vc_empty_space][vc_single_image image=&#8221;3186&#8243; img_size=&#8221;full&#8221; alignment=&#8221;center&#8221; animation_delay=&#8221;1&#8243; animation_type=&#8221;fadeIn&#8221; el_class=&#8221;metodoclassico&#8221;][\/vc_column][vc_column width=&#8221;1\/2&#8243; css=&#8221;.vc_custom_1608291429703{padding-top: 300px !important;padding-right: 150px !important;padding-left: 50px !important;background-color: #ffffff !important;}&#8221; offset=&#8221;vc_hidden-sm vc_hidden-xs&#8221;][vc_single_image image=&#8221;3041&#8243; img_size=&#8221;150X150&#8243; alignment=&#8221;right&#8221; animation_type=&#8221;fadeIn&#8221;][vc_single_image image=&#8221;3225&#8243; img_size=&#8221;&#8221;][vc_column_text css_animation=&#8221;fadeIn&#8221;] WHITW IGT TREVENEZIE [\/vc_column_text][vc_empty_space][vc_column_text css_animation=&#8221;fadeInUp&#8221;] Fruity, exotic and appetizing. With an irresistible scent, it looks bright and [&hellip;]<\/p>\n","protected":false},"author":1,"featured_media":0,"parent":3018,"menu_order":0,"comment_status":"closed","ping_status":"closed","template":"","meta":[],"yoast_head":"<!-- This site is optimized with the Yoast SEO plugin v17.4 - https:\/\/yoast.com\/wordpress\/plugins\/seo\/ -->\n<title>Qort\u00e8 - Almivisi<\/title>\n<meta name=\"description\" content=\"Fruity, exotic and appetizing. With an irresistible scent, it looks bright and it tastes full-bodied and satisfying. With hints of citrus fruits, pineapple and honey, Qort\u00e8 is a harmony of fresh sensations which involve every sense..\" \/>\n<meta name=\"robots\" content=\"index, follow, max-snippet:-1, max-image-preview:large, max-video-preview:-1\" \/>\n<link rel=\"canonical\" href=\"https:\/\/almivisi.it\/en\/wines\/qorte\/\" \/>\n<meta property=\"og:locale\" content=\"en_US\" \/>\n<meta property=\"og:type\" content=\"article\" \/>\n<meta property=\"og:title\" content=\"Qort\u00e8 - Almivisi\" \/>\n<meta property=\"og:description\" content=\"Fruity, exotic and appetizing. With an irresistible scent, it looks bright and it tastes full-bodied and satisfying. With hints of citrus fruits, pineapple and honey, Qort\u00e8 is a harmony of fresh sensations which involve every sense..\" \/>\n<meta property=\"og:url\" content=\"https:\/\/almivisi.it\/en\/wines\/qorte\/\" \/>\n<meta property=\"og:site_name\" content=\"Almivisi\" \/>\n<meta property=\"article:modified_time\" content=\"2021-04-28T13:18:10+00:00\" \/>\n<meta name=\"twitter:card\" content=\"summary_large_image\" \/>\n<meta name=\"twitter:label1\" content=\"Est. reading time\" \/>\n\t<meta name=\"twitter:data1\" content=\"5 minutes\" \/>\n<script type=\"application\/ld+json\" class=\"yoast-schema-graph\">{\"@context\":\"https:\/\/schema.org\",\"@graph\":[{\"@type\":\"WebSite\",\"@id\":\"https:\/\/almivisi.it\/#website\",\"url\":\"https:\/\/almivisi.it\/\",\"name\":\"Almivisi\",\"description\":\"Vini per un Sogno\",\"potentialAction\":[{\"@type\":\"SearchAction\",\"target\":{\"@type\":\"EntryPoint\",\"urlTemplate\":\"https:\/\/almivisi.it\/?s={search_term_string}\"},\"query-input\":\"required name=search_term_string\"}],\"inLanguage\":\"en-US\"},{\"@type\":\"WebPage\",\"@id\":\"https:\/\/almivisi.it\/en\/wines\/qorte\/#webpage\",\"url\":\"https:\/\/almivisi.it\/en\/wines\/qorte\/\",\"name\":\"Qort\\u00e8 - Almivisi\",\"isPartOf\":{\"@id\":\"https:\/\/almivisi.it\/#website\"},\"datePublished\":\"2021-04-14T14:25:41+00:00\",\"dateModified\":\"2021-04-28T13:18:10+00:00\",\"description\":\"Fruity, exotic and appetizing. With an irresistible scent, it looks bright and it tastes full-bodied and satisfying. With hints of citrus fruits, pineapple and honey, Qort\\u00e8 is a harmony of fresh sensations which involve every sense..\",\"breadcrumb\":{\"@id\":\"https:\/\/almivisi.it\/en\/wines\/qorte\/#breadcrumb\"},\"inLanguage\":\"en-US\",\"potentialAction\":[{\"@type\":\"ReadAction\",\"target\":[\"https:\/\/almivisi.it\/en\/wines\/qorte\/\"]}]},{\"@type\":\"BreadcrumbList\",\"@id\":\"https:\/\/almivisi.it\/en\/wines\/qorte\/#breadcrumb\",\"itemListElement\":[{\"@type\":\"ListItem\",\"position\":1,\"name\":\"Home\",\"item\":\"https:\/\/almivisi.it\/en\/\"},{\"@type\":\"ListItem\",\"position\":2,\"name\":\"Wines\",\"item\":\"https:\/\/almivisi.it\/en\/wines\/\"},{\"@type\":\"ListItem\",\"position\":3,\"name\":\"Qort\\u00e8\"}]}]}<\/script>\n<!-- \/ Yoast SEO plugin. -->","yoast_head_json":{"title":"Qort\u00e8 - Almivisi","description":"Fruity, exotic and appetizing. With an irresistible scent, it looks bright and it tastes full-bodied and satisfying. With hints of citrus fruits, pineapple and honey, Qort\u00e8 is a harmony of fresh sensations which involve every sense..","robots":{"index":"index","follow":"follow","max-snippet":"max-snippet:-1","max-image-preview":"max-image-preview:large","max-video-preview":"max-video-preview:-1"},"canonical":"https:\/\/almivisi.it\/en\/wines\/qorte\/","og_locale":"en_US","og_type":"article","og_title":"Qort\u00e8 - Almivisi","og_description":"Fruity, exotic and appetizing. With an irresistible scent, it looks bright and it tastes full-bodied and satisfying. With hints of citrus fruits, pineapple and honey, Qort\u00e8 is a harmony of fresh sensations which involve every sense..","og_url":"https:\/\/almivisi.it\/en\/wines\/qorte\/","og_site_name":"Almivisi","article_modified_time":"2021-04-28T13:18:10+00:00","twitter_card":"summary_large_image","twitter_misc":{"Est. reading time":"5 minutes"},"schema":{"@context":"https:\/\/schema.org","@graph":[{"@type":"WebSite","@id":"https:\/\/almivisi.it\/#website","url":"https:\/\/almivisi.it\/","name":"Almivisi","description":"Vini per un Sogno","potentialAction":[{"@type":"SearchAction","target":{"@type":"EntryPoint","urlTemplate":"https:\/\/almivisi.it\/?s={search_term_string}"},"query-input":"required name=search_term_string"}],"inLanguage":"en-US"},{"@type":"WebPage","@id":"https:\/\/almivisi.it\/en\/wines\/qorte\/#webpage","url":"https:\/\/almivisi.it\/en\/wines\/qorte\/","name":"Qort\u00e8 - Almivisi","isPartOf":{"@id":"https:\/\/almivisi.it\/#website"},"datePublished":"2021-04-14T14:25:41+00:00","dateModified":"2021-04-28T13:18:10+00:00","description":"Fruity, exotic and appetizing. With an irresistible scent, it looks bright and it tastes full-bodied and satisfying. With hints of citrus fruits, pineapple and honey, Qort\u00e8 is a harmony of fresh sensations which involve every sense..","breadcrumb":{"@id":"https:\/\/almivisi.it\/en\/wines\/qorte\/#breadcrumb"},"inLanguage":"en-US","potentialAction":[{"@type":"ReadAction","target":["https:\/\/almivisi.it\/en\/wines\/qorte\/"]}]},{"@type":"BreadcrumbList","@id":"https:\/\/almivisi.it\/en\/wines\/qorte\/#breadcrumb","itemListElement":[{"@type":"ListItem","position":1,"name":"Home","item":"https:\/\/almivisi.it\/en\/"},{"@type":"ListItem","position":2,"name":"Wines","item":"https:\/\/almivisi.it\/en\/wines\/"},{"@type":"ListItem","position":3,"name":"Qort\u00e8"}]}]}},"_links":{"self":[{"href":"https:\/\/almivisi.it\/en\/wp-json\/wp\/v2\/pages\/3175"}],"collection":[{"href":"https:\/\/almivisi.it\/en\/wp-json\/wp\/v2\/pages"}],"about":[{"href":"https:\/\/almivisi.it\/en\/wp-json\/wp\/v2\/types\/page"}],"author":[{"embeddable":true,"href":"https:\/\/almivisi.it\/en\/wp-json\/wp\/v2\/users\/1"}],"replies":[{"embeddable":true,"href":"https:\/\/almivisi.it\/en\/wp-json\/wp\/v2\/comments?post=3175"}],"version-history":[{"count":10,"href":"https:\/\/almivisi.it\/en\/wp-json\/wp\/v2\/pages\/3175\/revisions"}],"predecessor-version":[{"id":3404,"href":"https:\/\/almivisi.it\/en\/wp-json\/wp\/v2\/pages\/3175\/revisions\/3404"}],"up":[{"embeddable":true,"href":"https:\/\/almivisi.it\/en\/wp-json\/wp\/v2\/pages\/3018"}],"wp:attachment":[{"href":"https:\/\/almivisi.it\/en\/wp-json\/wp\/v2\/media?parent=3175"}],"curies":[{"name":"wp","href":"https:\/\/api.w.org\/{rel}","templated":true}]}}